{"id":1866,"date":"2022-07-27T08:06:51","date_gmt":"2022-07-27T08:06:51","guid":{"rendered":"https:\/\/metaplast.co\/kontakt\/"},"modified":"2025-03-24T10:31:16","modified_gmt":"2025-03-24T10:31:16","slug":"kontakt","status":"publish","type":"page","link":"https:\/\/metaplast.co\/de\/kontakt\/","title":{"rendered":"Kontakt"},"content":{"rendered":"\t\t<div data-elementor-type=\"wp-page\" data-elementor-id=\"1866\" class=\"elementor elementor-1866 elementor-63\">\n\t\t\t\t\t\t<section class=\"elementor-section elementor-top-section elementor-element elementor-element-2268569 elementor-section-full_width elementor-section-height-default elementor-section-height-default\" data-id=\"2268569\" data-element_type=\"section\" data-e-type=\"section\" data-settings=\"{&quot;background_background&quot;:&quot;classic&quot;}\">\n\t\t\t\t\t\t\t<div class=\"elementor-background-overlay\"><\/div>\n\t\t\t\t\t\t\t<div class=\"elementor-container elementor-column-gap-default\">\n\t\t\t\t\t<div class=\"elementor-column elementor-col-100 elementor-top-column elementor-element elementor-element-21c4804\" data-id=\"21c4804\" data-element_type=\"column\" data-e-type=\"column\">\n\t\t\t<div class=\"elementor-widget-wrap elementor-element-populated\">\n\t\t\t\t\t\t<div class=\"elementor-element elementor-element-a7390f4  ui-split-animate ui-splitby-chars elementor-widget elementor-widget-heading\" data-id=\"a7390f4\" data-element_type=\"widget\" data-e-type=\"widget\" data-settings=\"{&quot;ui_animate_split&quot;:&quot;ui-split-animate&quot;,&quot;ui_animate_split_style&quot;:&quot;zoomIn&quot;,&quot;ui_animate_split_by&quot;:&quot;chars&quot;}\" data-widget_type=\"heading.default\">\n\t\t\t\t<div class=\"elementor-widget-container\">\n\t\t\t\t\t<h1 class=\"elementor-heading-title elementor-size-default\">Kontakt<\/h1>\t\t\t\t<\/div>\n\t\t\t\t<\/div>\n\t\t\t\t\t<\/div>\n\t\t<\/div>\n\t\t\t\t\t<\/div>\n\t\t<\/section>\n\t\t\t\t<section class=\"elementor-section elementor-top-section elementor-element elementor-element-a88a17e elementor-section-boxed elementor-section-height-default elementor-section-height-default\" data-id=\"a88a17e\" data-element_type=\"section\" data-e-type=\"section\">\n\t\t\t\t\t\t<div class=\"elementor-container elementor-column-gap-default\">\n\t\t\t\t\t<div class=\"elementor-column elementor-col-50 elementor-top-column elementor-element elementor-element-c251d9a\" data-id=\"c251d9a\" data-element_type=\"column\" data-e-type=\"column\">\n\t\t\t<div class=\"elementor-widget-wrap elementor-element-populated\">\n\t\t\t\t\t\t<div class=\"elementor-element elementor-element-b8c63ac elementor-invisible elementor-widget elementor-widget-image\" data-id=\"b8c63ac\" data-element_type=\"widget\" data-e-type=\"widget\" data-settings=\"{&quot;_animation&quot;:&quot;fadeInLeft&quot;}\" data-widget_type=\"image.default\">\n\t\t\t\t<div class=\"elementor-widget-container\">\n\t\t\t\t\t\t\t\t\t\t\t\t\t\t\t<img fetchpriority=\"high\" decoding=\"async\" width=\"996\" height=\"996\" src=\"https:\/\/metaplast.co\/wp-content\/uploads\/contact-page-hero.jpg\" class=\"attachment-full size-full wp-image-1729\" alt=\"\" srcset=\"https:\/\/metaplast.co\/wp-content\/uploads\/contact-page-hero.jpg 996w, https:\/\/metaplast.co\/wp-content\/uploads\/contact-page-hero-300x300.jpg 300w, https:\/\/metaplast.co\/wp-content\/uploads\/contact-page-hero-150x150.jpg 150w, https:\/\/metaplast.co\/wp-content\/uploads\/contact-page-hero-768x768.jpg 768w, https:\/\/metaplast.co\/wp-content\/uploads\/contact-page-hero-650x650.jpg 650w\" sizes=\"(max-width: 996px) 100vw, 996px\" \/>\t\t\t\t\t\t\t\t\t\t\t\t\t\t\t<\/div>\n\t\t\t\t<\/div>\n\t\t\t\t<div class=\"elementor-element elementor-element-4524be5 elementor-invisible elementor-widget elementor-widget-image\" data-id=\"4524be5\" data-element_type=\"widget\" data-e-type=\"widget\" data-settings=\"{&quot;_animation&quot;:&quot;fadeInUp&quot;}\" data-widget_type=\"image.default\">\n\t\t\t\t<div class=\"elementor-widget-container\">\n\t\t\t\t\t\t\t\t\t\t\t\t\t\t\t<img decoding=\"async\" width=\"1270\" height=\"160\" src=\"https:\/\/metaplast.co\/wp-content\/uploads\/Metaplast-Logo.webp\" class=\"attachment-full size-full wp-image-1657\" alt=\"\" srcset=\"https:\/\/metaplast.co\/wp-content\/uploads\/Metaplast-Logo.webp 1270w, https:\/\/metaplast.co\/wp-content\/uploads\/Metaplast-Logo-300x38.webp 300w, https:\/\/metaplast.co\/wp-content\/uploads\/Metaplast-Logo-1024x129.webp 1024w, https:\/\/metaplast.co\/wp-content\/uploads\/Metaplast-Logo-768x97.webp 768w, https:\/\/metaplast.co\/wp-content\/uploads\/Metaplast-Logo-650x82.webp 650w\" sizes=\"(max-width: 1270px) 100vw, 1270px\" \/>\t\t\t\t\t\t\t\t\t\t\t\t\t\t\t<\/div>\n\t\t\t\t<\/div>\n\t\t\t\t<div class=\"elementor-element elementor-element-8ae49fc elementor-invisible elementor-widget elementor-widget-text-editor\" data-id=\"8ae49fc\" data-element_type=\"widget\" data-e-type=\"widget\" data-settings=\"{&quot;_animation&quot;:&quot;fadeInUp&quot;}\" data-widget_type=\"text-editor.default\">\n\t\t\t\t<div class=\"elementor-widget-container\">\n\t\t\t\t\t\t\t\t\t<p>Anschrift: K\u0131z\u0131lu\u0308zu\u0308m Mah. Kemalpa\u015fa K\u0131z\u0131lu\u0308zu\u0308m K\u0131rovas\u0131 Ku\u0308me Evler <br \/>No:8\/4 \u0130\u00e7 Kap\u0131 No:1 35730 Kemalpa\u015fa, \u0130zmir, T\u00fcrkiye<br \/>Handy-Nummer: <a href=\"tel:+905326896382\">+90 532 689 63 82<\/a> <br \/>E-mail: <a href=\"mailto:info@metaplast.co\">info@metaplast.co<\/a><\/p>\t\t\t\t\t\t\t\t<\/div>\n\t\t\t\t<\/div>\n\t\t\t\t\t<\/div>\n\t\t<\/div>\n\t\t\t\t<div class=\"elementor-column elementor-col-50 elementor-top-column elementor-element elementor-element-449978f\" data-id=\"449978f\" data-element_type=\"column\" data-e-type=\"column\">\n\t\t\t<div class=\"elementor-widget-wrap elementor-element-populated\">\n\t\t\t\t\t\t<div class=\"elementor-element elementor-element-4bcc23a elementor-invisible elementor-widget elementor-widget-heading\" data-id=\"4bcc23a\" data-element_type=\"widget\" data-e-type=\"widget\" data-settings=\"{&quot;_animation&quot;:&quot;fadeInDown&quot;}\" data-widget_type=\"heading.default\">\n\t\t\t\t<div class=\"elementor-widget-container\">\n\t\t\t\t\t<h5 class=\"elementor-heading-title elementor-size-default\">Kontakt <\/h5>\t\t\t\t<\/div>\n\t\t\t\t<\/div>\n\t\t\t\t<div class=\"elementor-element elementor-element-caece91 elementor-invisible elementor-widget elementor-widget-heading\" data-id=\"caece91\" data-element_type=\"widget\" data-e-type=\"widget\" data-settings=\"{&quot;_animation&quot;:&quot;fadeInDown&quot;}\" data-widget_type=\"heading.default\">\n\t\t\t\t<div class=\"elementor-widget-container\">\n\t\t\t\t\t<h2 class=\"elementor-heading-title elementor-size-default\">Kontakt<\/h2>\t\t\t\t<\/div>\n\t\t\t\t<\/div>\n\t\t\t\t<div class=\"elementor-element elementor-element-0f34273 elementor-widget-tablet__width-initial elementor-invisible elementor-widget elementor-widget-text-editor\" data-id=\"0f34273\" data-element_type=\"widget\" data-e-type=\"widget\" data-settings=\"{&quot;_animation&quot;:&quot;fadeInDown&quot;}\" data-widget_type=\"text-editor.default\">\n\t\t\t\t<div class=\"elementor-widget-container\">\n\t\t\t\t\t\t\t\t\t<p>Wir sind hier, um Ihnen zuzuh\u00f6ren, Sie zu unterst\u00fctzen und mit Ihnen in Kontakt zu treten. Ihre Fragen, Ihre R\u00fcckmeldungen und Ihre Anfragen sind f\u00fcr uns wichtig.<\/p>\n\t\t\t\t\t\t\t\t<\/div>\n\t\t\t\t<\/div>\n\t\t\t\t<div class=\"elementor-element elementor-element-18b69f2 elementor-button-align-stretch elementor-invisible elementor-widget elementor-widget-bdt-contact-form\" data-id=\"18b69f2\" data-element_type=\"widget\" data-e-type=\"widget\" data-settings=\"{&quot;_animation&quot;:&quot;fadeInUp&quot;}\" data-widget_type=\"bdt-contact-form.default\">\n\t\t\t\t<div class=\"elementor-widget-container\">\n\t\t\t\t\t\t\t<div class=\"bdt-contact-form bdt-contact-form-skin-default\">\n\t\t\t<div class=\"elementor-form-fields-wrapper\">\n\t\t\t\t\t\t<div class=\"bdt-contact-form-wrapper\">\n\t\t\t<form class=\"bdt-contact-form-form bdt-form-stacked bdt-grid bdt-grid-small without-recaptcha\" data-bdt-grid=\"\" action=\"https:\/\/metaplast.co\/wp-admin\/admin-ajax.php\" method=\"post\">\n\n\t\t\t\t\n\t\t\t\t\t<div class=\"bdt-field-group elementor-field-required bdt-width-1-2@m bdt-name-email-inline\">\n\t\t\t\t\t\t<label for=\"user_name18b69f2\" class=\"bdt-form-label\"><\/label><div class=\"bdt-form-controls\"><input type=\"text\" name=\"name\" id=\"user_name18b69f2\" placeholder=\"Name\" class=\"bdt-input bdt-form-default\" required =\"required\"><\/div>\t\t\t\t\t<\/div>\n\n\t\t\t\t\t<div class=\"bdt-field-group elementor-field-required bdt-width-1-2@m bdt-name-email-inline\">\n\t\t\t\t\t\t<label for=\"email18b69f2\" class=\"bdt-form-label\"><\/label><div class=\"bdt-form-controls\"><input type=\"email\" name=\"email\" id=\"email18b69f2\" placeholder=\"E-Mail\" class=\"bdt-input bdt-form-default\" required=\"required\"><\/div>\t\t\t\t\t<\/div>\n\n\t\t\t\t\t\t\t\t\t\t\t<div class=\"bdt-field-group bdt-width-1-1 elementor-field-required\">\n\t\t\t\t\t\t\t<label for=\"contact18b69f2\" class=\"bdt-form-label\"><\/label><div class=\"bdt-form-controls\"><input type=\"tel\" name=\"contact\" id=\"contact18b69f2\" placeholder=\"Kontakt-Nummer\" class=\"bdt-input bdt-form-default\"><\/div>\t\t\t\t\t\t<\/div>\n\t\t\t\t\t\n\t\t\t\t\t\n\t\t\t\t\t\n\t\t\t\t\t\t\t\t\t\t\t<div class=\"bdt-field-group bdt-width-1-1 elementor-field-required\">\n\t\t\t\t\t\t\t<label for=\"message18b69f2\" class=\"bdt-form-label\"><\/label><div class=\"bdt-form-controls\"><textarea name=\"message\" id=\"message18b69f2\" rows=\"3\" placeholder=\"Nachricht \/ Details\" class=\"bdt-textarea bdt-form-default\" required=\"required\"><\/textarea><\/div>\t\t\t\t\t\t<\/div>\n\t\t\t\t\t\n\t\t\t\t\t\n\n\t\t\t\t\t\n\t\t\t\t\t\n\t\t\t\t\t<input type=\"hidden\" class=\"widget_id\" name=\"widget_id\" value=\"18b69f2\" \/>\n\t\t\t\t\t<input type=\"hidden\" name=\"bdt-sf-18b69f2\" value=\"true\" \/>\n\t\t\t\t\t<input type=\"hidden\" class=\"page_id\" name=\"page_id\" value=\"1866\" \/>\n\n\t\t\t\t\t<div class=\"elementor-field-type-submit bdt-field-group bdt-flex bdt-width-1-1\">\n\t\t\t\t\t\t<button type=\"submit\" class=\"elementor-button bdt-button bdt-button-primary\" name=\"submit\">\n\t\t\t\t\t\t\t\t\t\t\t\t\t\t\t<span>\n\t\t\t\t\t\t\t\t\tSenden Sie\t\t\t\t\t\t\t\t<\/span>\n\t\t\t\t\t\t\t\t\t\t\t\t\t<\/button>\n\t\t\t\t\t<\/div>\n\n\t\t\t\t\t<input name=\"_wpnonce\" value=\"869fc734f4\" type=\"hidden\">\n\n\t\t\t\t\t<input type=\"hidden\" name=\"action\" value=\"element_pack_contact_form\" \/>\n\n\t\t\t\t\t\n\t\t\t<\/form>\n\t\t<\/div>\n\t\t\t\t\t<\/div>\n\t\t<\/div>\n\t\t\t\t\t\t<\/div>\n\t\t\t\t<\/div>\n\t\t\t\t\t<\/div>\n\t\t<\/div>\n\t\t\t\t\t<\/div>\n\t\t<\/section>\n\t\t\t\t<section class=\"elementor-section elementor-top-section elementor-element elementor-element-6f7b623 elementor-section-boxed elementor-section-height-default elementor-section-height-default\" data-id=\"6f7b623\" data-element_type=\"section\" data-e-type=\"section\" data-settings=\"{&quot;background_background&quot;:&quot;classic&quot;,&quot;shape_divider_top&quot;:&quot;mountains&quot;,&quot;shape_divider_bottom&quot;:&quot;arrow&quot;}\">\n\t\t\t\t\t\t\t<div class=\"elementor-background-overlay\"><\/div>\n\t\t\t\t\t\t<div class=\"elementor-shape elementor-shape-top\" aria-hidden=\"true\" data-negative=\"false\">\n\t\t\t<svg xmlns=\"http:\/\/www.w3.org\/2000\/svg\" viewBox=\"0 0 1000 100\" preserveAspectRatio=\"none\">\n\t<path class=\"elementor-shape-fill\" opacity=\"0.33\" d=\"M473,67.3c-203.9,88.3-263.1-34-320.3,0C66,119.1,0,59.7,0,59.7V0h1000v59.7 c0,0-62.1,26.1-94.9,29.3c-32.8,3.3-62.8-12.3-75.8-22.1C806,49.6,745.3,8.7,694.9,4.7S492.4,59,473,67.3z\"\/>\n\t<path class=\"elementor-shape-fill\" opacity=\"0.66\" d=\"M734,67.3c-45.5,0-77.2-23.2-129.1-39.1c-28.6-8.7-150.3-10.1-254,39.1 s-91.7-34.4-149.2,0C115.7,118.3,0,39.8,0,39.8V0h1000v36.5c0,0-28.2-18.5-92.1-18.5C810.2,18.1,775.7,67.3,734,67.3z\"\/>\n\t<path class=\"elementor-shape-fill\" d=\"M766.1,28.9c-200-57.5-266,65.5-395.1,19.5C242,1.8,242,5.4,184.8,20.6C128,35.8,132.3,44.9,89.9,52.5C28.6,63.7,0,0,0,0 h1000c0,0-9.9,40.9-83.6,48.1S829.6,47,766.1,28.9z\"\/>\n<\/svg>\t\t<\/div>\n\t\t\t\t<div class=\"elementor-shape elementor-shape-bottom\" aria-hidden=\"true\" data-negative=\"false\">\n\t\t\t<svg xmlns=\"http:\/\/www.w3.org\/2000\/svg\" viewBox=\"0 0 700 10\" preserveAspectRatio=\"none\">\n\t<path class=\"elementor-shape-fill\" d=\"M350,10L340,0h20L350,10z\"\/>\n<\/svg>\t\t<\/div>\n\t\t\t\t\t<div class=\"elementor-container elementor-column-gap-default\">\n\t\t\t\t\t<div class=\"elementor-column elementor-col-100 elementor-top-column elementor-element elementor-element-4c15de3\" data-id=\"4c15de3\" data-element_type=\"column\" data-e-type=\"column\">\n\t\t\t<div class=\"elementor-widget-wrap elementor-element-populated\">\n\t\t\t\t\t\t<div data-ep-wrapper-link=\"{&quot;url&quot;:&quot;https:\\\/\\\/metaplast.co\\\/de\\\/produkte\\\/&quot;,&quot;is_external&quot;:&quot;&quot;,&quot;nofollow&quot;:&quot;&quot;,&quot;custom_attributes&quot;:&quot;&quot;}\" style=\"cursor: pointer\" class=\"bdt-element-link elementor-element elementor-element-2ebdfa1  ui-split-animate ui-e-a-animate ui-splitby-chars elementor-widget elementor-widget-highlighted-text\" data-id=\"2ebdfa1\" data-element_type=\"widget\" data-e-type=\"widget\" data-settings=\"{&quot;ui_animate_split&quot;:&quot;ui-split-animate&quot;,&quot;ui_animate_split_style&quot;:&quot;fadeIn&quot;,&quot;ui_animate_split_by&quot;:&quot;chars&quot;}\" data-widget_type=\"highlighted-text.default\">\n\t\t\t\t<div class=\"elementor-widget-container\">\n\t\t\t\t\t        <h1 data-delay=\"1200\" class=\"ui-e--highlighted-text\">\n            <span class=\"ui-e-headline-text elementor-repeater-item-9d4da75\">Entdecken Sie Unsere <\/span><span class=\"ui-e-headline-text elementor-repeater-item-9a25cf9 ui-e-headline-stroke1\">\n\t\t\t\t\t\t\t\t\t<span class=\"whitespace\"><\/span>\n                                    <span>\n                                        <span class=\"ui-e-headline-text ui-e-headline-highlighted\">Produkte<\/span><span class=\"uicore-svg-wrapper\"><svg xmlns=\"http:\/\/www.w3.org\/2000\/svg\" viewBox=\"0 0 500 150\" preserveAspectRatio=\"none\"><path d='M15.2,133.3L15.2,133.3c121.9-7.6,244-9.9,366.1-6.8c34.6,0.9,69.1,2.3,103.7,4' \/><\/svg><\/span><\/span> <span class=\"whitespace\"> <\/span><\/span>        <\/h1>\n    \t\t\t\t<\/div>\n\t\t\t\t<\/div>\n\t\t\t\t\t<\/div>\n\t\t<\/div>\n\t\t\t\t\t<\/div>\n\t\t<\/section>\n\t\t\t\t<\/div>\n\t\t","protected":false},"excerpt":{"rendered":"<p>Kontakt Anschrift: K\u0131z\u0131lu\u0308zu\u0308m Mah. Kemalpa\u015fa K\u0131z\u0131lu\u0308zu\u0308m K\u0131rovas\u0131 Ku\u0308me Evler No:8\/4 \u0130\u00e7 Kap\u0131 [&hellip;]<\/p>\n","protected":false},"author":1,"featured_media":0,"parent":0,"menu_order":0,"comment_status":"closed","ping_status":"closed","template":"","meta":{"_coblocks_attr":"","_coblocks_dimensions":"","_coblocks_responsive_height":"","_coblocks_accordion_ie_support":"","inline_featured_image":false,"footnotes":""},"class_list":["post-1866","page","type-page","status-publish","hentry"],"yoast_head":"<!-- This site is optimized with the Yoast SEO plugin v27.4 - https:\/\/yoast.com\/product\/yoast-seo-wordpress\/ -->\n<title>Kontakt - Metaplast - License Plate Holders Manufacturer<\/title>\n<meta name=\"description\" content=\"Anschrift: \u00c7\u0131narl\u0131 Mh. 1572 Sk. No:33 35170 Konak, \u0130zmir, T\u00fcrkiye | Telefon-Nummer: +90 232 520 64 15 | Handy-Nummer: +90 532 689 63 82 | info@metaplast.co\" \/>\n<meta name=\"robots\" content=\"index, follow, max-snippet:-1, max-image-preview:large, max-video-preview:-1\" \/>\n<link rel=\"canonical\" href=\"https:\/\/metaplast.co\/de\/kontakt\/\" \/>\n<meta property=\"og:locale\" content=\"de_DE\" \/>\n<meta property=\"og:type\" content=\"article\" \/>\n<meta property=\"og:title\" content=\"Kontakt - Metaplast - License Plate Holders Manufacturer\" \/>\n<meta property=\"og:description\" content=\"Anschrift: \u00c7\u0131narl\u0131 Mh. 1572 Sk. No:33 35170 Konak, \u0130zmir, T\u00fcrkiye | Telefon-Nummer: +90 232 520 64 15 | Handy-Nummer: +90 532 689 63 82 | info@metaplast.co\" \/>\n<meta property=\"og:url\" content=\"https:\/\/metaplast.co\/de\/kontakt\/\" \/>\n<meta property=\"og:site_name\" content=\"Metaplast - License Plate Holders Manufacturer\" \/>\n<meta property=\"article:modified_time\" content=\"2025-03-24T10:31:16+00:00\" \/>\n<meta property=\"og:image\" content=\"https:\/\/metaplast.co\/wp-content\/uploads\/contact-page-hero.jpg\" \/>\n\t<meta property=\"og:image:width\" content=\"996\" \/>\n\t<meta property=\"og:image:height\" content=\"996\" \/>\n\t<meta property=\"og:image:type\" content=\"image\/jpeg\" \/>\n<meta name=\"twitter:card\" content=\"summary_large_image\" \/>\n<meta name=\"twitter:label1\" content=\"Gesch\u00e4tzte Lesezeit\" \/>\n\t<meta name=\"twitter:data1\" content=\"1\u00a0Minute\" \/>\n<script type=\"application\/ld+json\" class=\"yoast-schema-graph\">{\"@context\":\"https:\\\/\\\/schema.org\",\"@graph\":[{\"@type\":\"WebPage\",\"@id\":\"https:\\\/\\\/metaplast.co\\\/de\\\/kontakt\\\/\",\"url\":\"https:\\\/\\\/metaplast.co\\\/de\\\/kontakt\\\/\",\"name\":\"Kontakt - Metaplast - License Plate Holders Manufacturer\",\"isPartOf\":{\"@id\":\"https:\\\/\\\/metaplast.co\\\/de\\\/#website\"},\"primaryImageOfPage\":{\"@id\":\"https:\\\/\\\/metaplast.co\\\/de\\\/kontakt\\\/#primaryimage\"},\"image\":{\"@id\":\"https:\\\/\\\/metaplast.co\\\/de\\\/kontakt\\\/#primaryimage\"},\"thumbnailUrl\":\"https:\\\/\\\/metaplast.co\\\/wp-content\\\/uploads\\\/contact-page-hero.jpg\",\"datePublished\":\"2022-07-27T08:06:51+00:00\",\"dateModified\":\"2025-03-24T10:31:16+00:00\",\"description\":\"Anschrift: \u00c7\u0131narl\u0131 Mh. 1572 Sk. No:33 35170 Konak, \u0130zmir, T\u00fcrkiye | Telefon-Nummer: +90 232 520 64 15 | Handy-Nummer: +90 532 689 63 82 | info@metaplast.co\",\"breadcrumb\":{\"@id\":\"https:\\\/\\\/metaplast.co\\\/de\\\/kontakt\\\/#breadcrumb\"},\"inLanguage\":\"de\",\"potentialAction\":[{\"@type\":\"ReadAction\",\"target\":[\"https:\\\/\\\/metaplast.co\\\/de\\\/kontakt\\\/\"]}]},{\"@type\":\"ImageObject\",\"inLanguage\":\"de\",\"@id\":\"https:\\\/\\\/metaplast.co\\\/de\\\/kontakt\\\/#primaryimage\",\"url\":\"https:\\\/\\\/metaplast.co\\\/wp-content\\\/uploads\\\/contact-page-hero.jpg\",\"contentUrl\":\"https:\\\/\\\/metaplast.co\\\/wp-content\\\/uploads\\\/contact-page-hero.jpg\"},{\"@type\":\"BreadcrumbList\",\"@id\":\"https:\\\/\\\/metaplast.co\\\/de\\\/kontakt\\\/#breadcrumb\",\"itemListElement\":[{\"@type\":\"ListItem\",\"position\":1,\"name\":\"Home\",\"item\":\"https:\\\/\\\/metaplast.co\\\/de\\\/\"},{\"@type\":\"ListItem\",\"position\":2,\"name\":\"Kontakt\"}]},{\"@type\":\"WebSite\",\"@id\":\"https:\\\/\\\/metaplast.co\\\/de\\\/#website\",\"url\":\"https:\\\/\\\/metaplast.co\\\/de\\\/\",\"name\":\"Metaplast - License Plate Holders Manufacturer\",\"description\":\"\",\"publisher\":{\"@id\":\"https:\\\/\\\/metaplast.co\\\/de\\\/#organization\"},\"potentialAction\":[{\"@type\":\"SearchAction\",\"target\":{\"@type\":\"EntryPoint\",\"urlTemplate\":\"https:\\\/\\\/metaplast.co\\\/de\\\/?s={search_term_string}\"},\"query-input\":{\"@type\":\"PropertyValueSpecification\",\"valueRequired\":true,\"valueName\":\"search_term_string\"}}],\"inLanguage\":\"de\"},{\"@type\":\"Organization\",\"@id\":\"https:\\\/\\\/metaplast.co\\\/de\\\/#organization\",\"name\":\"Metaplast - Lizenzierter Kennzeichenhalter\",\"url\":\"https:\\\/\\\/metaplast.co\\\/de\\\/\",\"logo\":{\"@type\":\"ImageObject\",\"inLanguage\":\"de\",\"@id\":\"https:\\\/\\\/metaplast.co\\\/de\\\/#\\\/schema\\\/logo\\\/image\\\/\",\"url\":\"https:\\\/\\\/metaplast.co\\\/wp-content\\\/uploads\\\/Metaplast-Logo.webp\",\"contentUrl\":\"https:\\\/\\\/metaplast.co\\\/wp-content\\\/uploads\\\/Metaplast-Logo.webp\",\"width\":1270,\"height\":160,\"caption\":\"Metaplast - Lizenzierter Kennzeichenhalter\"},\"image\":{\"@id\":\"https:\\\/\\\/metaplast.co\\\/de\\\/#\\\/schema\\\/logo\\\/image\\\/\"}}]}<\/script>\n<!-- \/ Yoast SEO plugin. -->","yoast_head_json":{"title":"Kontakt - Metaplast - License Plate Holders Manufacturer","description":"Anschrift: \u00c7\u0131narl\u0131 Mh. 1572 Sk. No:33 35170 Konak, \u0130zmir, T\u00fcrkiye | Telefon-Nummer: +90 232 520 64 15 | Handy-Nummer: +90 532 689 63 82 | info@metaplast.co","robots":{"index":"index","follow":"follow","max-snippet":"max-snippet:-1","max-image-preview":"max-image-preview:large","max-video-preview":"max-video-preview:-1"},"canonical":"https:\/\/metaplast.co\/de\/kontakt\/","og_locale":"de_DE","og_type":"article","og_title":"Kontakt - Metaplast - License Plate Holders Manufacturer","og_description":"Anschrift: \u00c7\u0131narl\u0131 Mh. 1572 Sk. No:33 35170 Konak, \u0130zmir, T\u00fcrkiye | Telefon-Nummer: +90 232 520 64 15 | Handy-Nummer: +90 532 689 63 82 | info@metaplast.co","og_url":"https:\/\/metaplast.co\/de\/kontakt\/","og_site_name":"Metaplast - License Plate Holders Manufacturer","article_modified_time":"2025-03-24T10:31:16+00:00","og_image":[{"width":996,"height":996,"url":"https:\/\/metaplast.co\/wp-content\/uploads\/contact-page-hero.jpg","type":"image\/jpeg"}],"twitter_card":"summary_large_image","twitter_misc":{"Gesch\u00e4tzte Lesezeit":"1\u00a0Minute"},"schema":{"@context":"https:\/\/schema.org","@graph":[{"@type":"WebPage","@id":"https:\/\/metaplast.co\/de\/kontakt\/","url":"https:\/\/metaplast.co\/de\/kontakt\/","name":"Kontakt - Metaplast - License Plate Holders Manufacturer","isPartOf":{"@id":"https:\/\/metaplast.co\/de\/#website"},"primaryImageOfPage":{"@id":"https:\/\/metaplast.co\/de\/kontakt\/#primaryimage"},"image":{"@id":"https:\/\/metaplast.co\/de\/kontakt\/#primaryimage"},"thumbnailUrl":"https:\/\/metaplast.co\/wp-content\/uploads\/contact-page-hero.jpg","datePublished":"2022-07-27T08:06:51+00:00","dateModified":"2025-03-24T10:31:16+00:00","description":"Anschrift: \u00c7\u0131narl\u0131 Mh. 1572 Sk. No:33 35170 Konak, \u0130zmir, T\u00fcrkiye | Telefon-Nummer: +90 232 520 64 15 | Handy-Nummer: +90 532 689 63 82 | info@metaplast.co","breadcrumb":{"@id":"https:\/\/metaplast.co\/de\/kontakt\/#breadcrumb"},"inLanguage":"de","potentialAction":[{"@type":"ReadAction","target":["https:\/\/metaplast.co\/de\/kontakt\/"]}]},{"@type":"ImageObject","inLanguage":"de","@id":"https:\/\/metaplast.co\/de\/kontakt\/#primaryimage","url":"https:\/\/metaplast.co\/wp-content\/uploads\/contact-page-hero.jpg","contentUrl":"https:\/\/metaplast.co\/wp-content\/uploads\/contact-page-hero.jpg"},{"@type":"BreadcrumbList","@id":"https:\/\/metaplast.co\/de\/kontakt\/#breadcrumb","itemListElement":[{"@type":"ListItem","position":1,"name":"Home","item":"https:\/\/metaplast.co\/de\/"},{"@type":"ListItem","position":2,"name":"Kontakt"}]},{"@type":"WebSite","@id":"https:\/\/metaplast.co\/de\/#website","url":"https:\/\/metaplast.co\/de\/","name":"Metaplast - License Plate Holders Manufacturer","description":"","publisher":{"@id":"https:\/\/metaplast.co\/de\/#organization"},"potentialAction":[{"@type":"SearchAction","target":{"@type":"EntryPoint","urlTemplate":"https:\/\/metaplast.co\/de\/?s={search_term_string}"},"query-input":{"@type":"PropertyValueSpecification","valueRequired":true,"valueName":"search_term_string"}}],"inLanguage":"de"},{"@type":"Organization","@id":"https:\/\/metaplast.co\/de\/#organization","name":"Metaplast - Lizenzierter Kennzeichenhalter","url":"https:\/\/metaplast.co\/de\/","logo":{"@type":"ImageObject","inLanguage":"de","@id":"https:\/\/metaplast.co\/de\/#\/schema\/logo\/image\/","url":"https:\/\/metaplast.co\/wp-content\/uploads\/Metaplast-Logo.webp","contentUrl":"https:\/\/metaplast.co\/wp-content\/uploads\/Metaplast-Logo.webp","width":1270,"height":160,"caption":"Metaplast - Lizenzierter Kennzeichenhalter"},"image":{"@id":"https:\/\/metaplast.co\/de\/#\/schema\/logo\/image\/"}}]}},"_links":{"self":[{"href":"https:\/\/metaplast.co\/de\/wp-json\/wp\/v2\/pages\/1866","targetHints":{"allow":["GET"]}}],"collection":[{"href":"https:\/\/metaplast.co\/de\/wp-json\/wp\/v2\/pages"}],"about":[{"href":"https:\/\/metaplast.co\/de\/wp-json\/wp\/v2\/types\/page"}],"author":[{"embeddable":true,"href":"https:\/\/metaplast.co\/de\/wp-json\/wp\/v2\/users\/1"}],"replies":[{"embeddable":true,"href":"https:\/\/metaplast.co\/de\/wp-json\/wp\/v2\/comments?post=1866"}],"version-history":[{"count":13,"href":"https:\/\/metaplast.co\/de\/wp-json\/wp\/v2\/pages\/1866\/revisions"}],"predecessor-version":[{"id":2428,"href":"https:\/\/metaplast.co\/de\/wp-json\/wp\/v2\/pages\/1866\/revisions\/2428"}],"wp:attachment":[{"href":"https:\/\/metaplast.co\/de\/wp-json\/wp\/v2\/media?parent=1866"}],"curies":[{"name":"wp","href":"https:\/\/api.w.org\/{rel}","templated":true}]}}